{"id":309,"date":"2025-11-26T02:22:30","date_gmt":"2025-11-25T18:22:30","guid":{"rendered":"https:\/\/hstmufflers.com\/?page_id=309"},"modified":"2025-12-29T08:20:05","modified_gmt":"2025-12-29T00:20:05","slug":"blog","status":"publish","type":"page","link":"https:\/\/hstmufflers.com\/fr\/blog\/","title":{"rendered":"Blog"},"content":{"rendered":"<div data-elementor-type=\"wp-page\" data-elementor-id=\"309\" class=\"elementor elementor-309\" data-elementor-post-type=\"page\">\n\t\t\t\t<div class=\"elementor-element elementor-element-7b1e9ac8 e-flex e-con-boxed e-con e-parent\" data-id=\"7b1e9ac8\" data-element_type=\"container\" data-e-type=\"container\" data-settings=\"{&quot;background_background&quot;:&quot;classic&quot;}\">\n\t\t\t\t\t<div class=\"e-con-inner\">\n\t\t<div class=\"elementor-element elementor-element-6fcf0721 e-flex e-con-boxed e-con e-child\" data-id=\"6fcf0721\" data-element_type=\"container\" data-e-type=\"container\">\n\t\t\t\t\t<div class=\"e-con-inner\">\n\t\t\t\t<div class=\"elementor-element elementor-element-64206193 elementor-widget elementor-widget-heading\" data-id=\"64206193\" data-element_type=\"widget\" data-e-type=\"widget\" data-widget_type=\"heading.default\">\n\t\t\t\t\t<h1 class=\"elementor-heading-title elementor-size-default\">Nouvelles et articles<\/h1>\t\t\t\t<\/div>\n\t\t\t\t<div class=\"elementor-element elementor-element-dd66b9f elementor-icon-list--layout-inline elementor-align-center elementor-list-item-link-full_width elementor-widget elementor-widget-icon-list\" data-id=\"dd66b9f\" data-element_type=\"widget\" data-e-type=\"widget\" data-widget_type=\"icon-list.default\">\n\t\t\t\t\t\t\t<ul class=\"elementor-icon-list-items elementor-inline-items\">\n\t\t\t\t\t\t\t<li class=\"elementor-icon-list-item elementor-inline-item\">\n\t\t\t\t\t\t\t\t\t\t\t<a href=\"https:\/\/hstmufflers.com\/fr\">\n\n\t\t\t\t\t\t\t\t\t\t\t\t<span class=\"elementor-icon-list-icon\">\n\t\t\t\t\t\t\t<svg aria-hidden=\"true\" class=\"e-font-icon-svg e-fas-home\" viewbox=\"0 0 576 512\" xmlns=\"http:\/\/www.w3.org\/2000\/svg\"><path d=\"M280.37 148.26L96 300.11V464a16 16 0 0 0 16 16l112.06-.29a16 16 0 0 0 15.92-16V368a16 16 0 0 1 16-16h64a16 16 0 0 1 16 16v95.64a16 16 0 0 0 16 16.05L464 480a16 16 0 0 0 16-16V300L295.67 148.26a12.19 12.19 0 0 0-15.3 0zM571.6 251.47L488 182.56V44.05a12 12 0 0 0-12-12h-56a12 12 0 0 0-12 12v72.61L318.47 43a48 48 0 0 0-61 0L4.34 251.47a12 12 0 0 0-1.6 16.9l25.5 31A12 12 0 0 0 45.15 301l235.22-193.74a12.19 12.19 0 0 1 15.3 0L530.9 301a12 12 0 0 0 16.9-1.6l25.5-31a12 12 0 0 0-1.7-16.93z\"><\/path><\/svg>\t\t\t\t\t\t<\/span>\n\t\t\t\t\t\t\t\t\t\t<span class=\"elementor-icon-list-text\">Accueil<\/span>\n\t\t\t\t\t\t\t\t\t\t\t<\/a>\n\t\t\t\t\t\t\t\t\t<\/li>\n\t\t\t\t\t\t\t\t<li class=\"elementor-icon-list-item elementor-inline-item\">\n\t\t\t\t\t\t\t\t\t\t\t<span class=\"elementor-icon-list-icon\">\n\t\t\t\t\t\t\t<svg aria-hidden=\"true\" class=\"e-font-icon-svg e-fas-angle-double-right\" viewbox=\"0 0 448 512\" xmlns=\"http:\/\/www.w3.org\/2000\/svg\"><path d=\"M224.3 273l-136 136c-9.4 9.4-24.6 9.4-33.9 0l-22.6-22.6c-9.4-9.4-9.4-24.6 0-33.9l96.4-96.4-96.4-96.4c-9.4-9.4-9.4-24.6 0-33.9L54.3 103c9.4-9.4 24.6-9.4 33.9 0l136 136c9.5 9.4 9.5 24.6.1 34zm192-34l-136-136c-9.4-9.4-24.6-9.4-33.9 0l-22.6 22.6c-9.4 9.4-9.4 24.6 0 33.9l96.4 96.4-96.4 96.4c-9.4 9.4-9.4 24.6 0 33.9l22.6 22.6c9.4 9.4 24.6 9.4 33.9 0l136-136c9.4-9.2 9.4-24.4 0-33.8z\"><\/path><\/svg>\t\t\t\t\t\t<\/span>\n\t\t\t\t\t\t\t\t\t\t<span class=\"elementor-icon-list-text\">Blog<\/span>\n\t\t\t\t\t\t\t\t\t<\/li>\n\t\t\t\t\t\t<\/ul>\n\t\t\t\t\t\t<\/div>\n\t\t\t\t\t<\/div>\n\t\t\t\t<\/div>\n\t\t\t\t\t<\/div>\n\t\t\t\t<\/div>\n\t\t<div class=\"elementor-element elementor-element-29a7a0c7 e-flex e-con-boxed e-con e-parent\" data-id=\"29a7a0c7\" data-element_type=\"container\" data-e-type=\"container\">\n\t\t\t\t\t<div class=\"e-con-inner\">\n\t\t\t\t<div class=\"elementor-element elementor-element-ec5ab21 elementor-widget elementor-widget-shortcode\" data-id=\"ec5ab21\" data-element_type=\"widget\" data-e-type=\"widget\" data-widget_type=\"shortcode.default\">\n\t\t\t\t\t\t\t<div class=\"elementor-shortcode\">\r\n    <div class=\"hst-card-container\">\r\n                    <article class=\"hst-exhaust-card\">\r\n                <div class=\"hst-card-header\">\r\n                    <a href=\"https:\/\/hstmufflers.com\/fr\/global-distribution-2026-hsts-vision-for-expanding-the-high-performance-exhaust-market\/\">\r\n                                                    <img fetchpriority=\"high\" decoding=\"async\" width=\"640\" height=\"358\" src=\"https:\/\/hstmufflers.com\/wp-content\/uploads\/2025\/11\/post-featured-image-3_result-1766933002-768x429.webp\" class=\"attachment-medium_large size-medium_large wp-post-image\" alt=\"\" srcset=\"https:\/\/hstmufflers.com\/wp-content\/uploads\/2025\/11\/post-featured-image-3_result-1766933002-768x429.webp 768w, https:\/\/hstmufflers.com\/wp-content\/uploads\/2025\/11\/post-featured-image-3_result-1766933002-300x168.webp 300w, https:\/\/hstmufflers.com\/wp-content\/uploads\/2025\/11\/post-featured-image-3_result-1766933002.webp 1000w\" sizes=\"(max-width: 640px) 100vw, 640px\" \/>                                            <\/a>\r\n                <\/div>\r\n\r\n                <div class=\"hst-card-body\">\r\n                    <div class=\"hst-card-meta\">\r\n                        <span class=\"hst-tag\">Blog<\/span>\r\n                        <span class=\"hst-date\">2025.11.16<\/span>\r\n                    <\/div>\r\n                    \r\n                    <h4 class=\"hst-card-title\">\r\n                        <a href=\"https:\/\/hstmufflers.com\/fr\/global-distribution-2026-hsts-vision-for-expanding-the-high-performance-exhaust-market\/\">Nous ne nous contentons pas de fabriquer des silencieux - nous r\u00e9glons des vies.\u00a0<\/a>\r\n                    <\/h4>\r\n\r\n                    <div class=\"hst-card-excerpt\">\r\n                        Chez Hongshuntong, chaque rugissement est accueilli avec douceur et chaque silencieux \u00e0 soupape porte l'attitude du conducteur. Nous pensons que la v\u00e9ritable performance ne crie jamais. Elle r\u00e9side dans des grognements contr\u00f4l\u00e9s, dans l'\u00e9quilibre parfait entre libert\u00e9 et retenue.  Notre conviction : Laissez la puissance...                    <\/div>\r\n                <\/div>\r\n\r\n                <div class=\"hst-card-footer\">\r\n                    <a href=\"https:\/\/hstmufflers.com\/fr\/global-distribution-2026-hsts-vision-for-expanding-the-high-performance-exhaust-market\/\" class=\"hst-btn-more\">\r\n \u00a0 \u00a0 \u00a0 \u00a0 \u00a0 \u00a0 \u00a0 \u00a0 \u00a0 \u00a0 \u00a0  En savoir plus\r\n \u00a0 \u00a0 \u00a0 \u00a0 \u00a0 \u00a0 \u00a0 \u00a0 \u00a0 \u00a0 \u00a0 <svg width=\"20\" height=\"20\" viewbox=\"0 0 24 24\" fill=\"none\" stroke=\"currentColor\" stroke-width=\"2.5\"><path d=\"M5 12h14M12 5l7 7-7 7\"\/><\/svg>\r\n                    <\/a>\r\n                <\/div>\r\n            <\/article>\r\n                    <article class=\"hst-exhaust-card\">\r\n                <div class=\"hst-card-header\">\r\n                    <a href=\"https:\/\/hstmufflers.com\/fr\/the-rise-of-remote-controlled-performance-meeting-the-demands-of-the-modern-driver\/\">\r\n                                                    <img decoding=\"async\" width=\"640\" height=\"358\" src=\"https:\/\/hstmufflers.com\/wp-content\/uploads\/2025\/10\/post-featured-image-2_result-1766932813-768x429.webp\" class=\"attachment-medium_large size-medium_large wp-post-image\" alt=\"\" srcset=\"https:\/\/hstmufflers.com\/wp-content\/uploads\/2025\/10\/post-featured-image-2_result-1766932813-768x429.webp 768w, https:\/\/hstmufflers.com\/wp-content\/uploads\/2025\/10\/post-featured-image-2_result-1766932813-300x168.webp 300w, https:\/\/hstmufflers.com\/wp-content\/uploads\/2025\/10\/post-featured-image-2_result-1766932813.webp 1000w\" sizes=\"(max-width: 640px) 100vw, 640px\" \/>                                            <\/a>\r\n                <\/div>\r\n\r\n                <div class=\"hst-card-body\">\r\n                    <div class=\"hst-card-meta\">\r\n                        <span class=\"hst-tag\">Blog<\/span>\r\n                        <span class=\"hst-date\">2025.10.26<\/span>\r\n                    <\/div>\r\n                    \r\n                    <h4 class=\"hst-card-title\">\r\n                        <a href=\"https:\/\/hstmufflers.com\/fr\/the-rise-of-remote-controlled-performance-meeting-the-demands-of-the-modern-driver\/\">L'essor des performances t\u00e9l\u00e9command\u00e9es : R\u00e9pondre aux exigences du conducteur moderne<\/a>\r\n                    <\/h4>\r\n\r\n                    <div class=\"hst-card-excerpt\">\r\n                        Dans le pass\u00e9, les passionn\u00e9s d'automobile devaient faire un choix difficile lorsqu'ils am\u00e9lioraient leur syst\u00e8me d'\u00e9chappement. Ils avaient le choix entre une voiture silencieuse, confortable pour la conduite quotidienne, et une voiture bruyante et performante, id\u00e9ale pour les circuits...                    <\/div>\r\n                <\/div>\r\n\r\n                <div class=\"hst-card-footer\">\r\n                    <a href=\"https:\/\/hstmufflers.com\/fr\/the-rise-of-remote-controlled-performance-meeting-the-demands-of-the-modern-driver\/\" class=\"hst-btn-more\">\r\n \u00a0 \u00a0 \u00a0 \u00a0 \u00a0 \u00a0 \u00a0 \u00a0 \u00a0 \u00a0 \u00a0  En savoir plus\r\n \u00a0 \u00a0 \u00a0 \u00a0 \u00a0 \u00a0 \u00a0 \u00a0 \u00a0 \u00a0 \u00a0 <svg width=\"20\" height=\"20\" viewbox=\"0 0 24 24\" fill=\"none\" stroke=\"currentColor\" stroke-width=\"2.5\"><path d=\"M5 12h14M12 5l7 7-7 7\"\/><\/svg>\r\n                    <\/a>\r\n                <\/div>\r\n            <\/article>\r\n                    <article class=\"hst-exhaust-card\">\r\n                <div class=\"hst-card-header\">\r\n                    <a href=\"https:\/\/hstmufflers.com\/fr\/maximizing-roi-why-valved-exhaust-systems-are-the-top-choice-for-aftermarket-distributors\/\">\r\n                                                    <img decoding=\"async\" width=\"640\" height=\"358\" src=\"https:\/\/hstmufflers.com\/wp-content\/uploads\/2025\/09\/post-featured-image-1_result-1766932709-768x429.webp\" class=\"attachment-medium_large size-medium_large wp-post-image\" alt=\"\" srcset=\"https:\/\/hstmufflers.com\/wp-content\/uploads\/2025\/09\/post-featured-image-1_result-1766932709-768x429.webp 768w, https:\/\/hstmufflers.com\/wp-content\/uploads\/2025\/09\/post-featured-image-1_result-1766932709-300x168.webp 300w, https:\/\/hstmufflers.com\/wp-content\/uploads\/2025\/09\/post-featured-image-1_result-1766932709.webp 1000w\" sizes=\"(max-width: 640px) 100vw, 640px\" \/>                                            <\/a>\r\n                <\/div>\r\n\r\n                <div class=\"hst-card-body\">\r\n                    <div class=\"hst-card-meta\">\r\n                        <span class=\"hst-tag\">Blog<\/span>\r\n                        <span class=\"hst-date\">2025.09.05<\/span>\r\n                    <\/div>\r\n                    \r\n                    <h4 class=\"hst-card-title\">\r\n                        <a href=\"https:\/\/hstmufflers.com\/fr\/maximizing-roi-why-valved-exhaust-systems-are-the-top-choice-for-aftermarket-distributors\/\">Maximiser le retour sur investissement : Pourquoi les syst\u00e8mes d'\u00e9chappement \u00e0 soupapes sont le premier choix des distributeurs du march\u00e9 de la rechange<\/a>\r\n                    <\/h4>\r\n\r\n                    <div class=\"hst-card-excerpt\">\r\n                        Pour les distributeurs du march\u00e9 secondaire et les propri\u00e9taires d'ateliers de tuning, l'objectif est simple : Maximiser les profits tout en minimisant les risques. Dans le monde comp\u00e9titif de l'automobile, il est essentiel de rester \u00e0 l'avant-garde des tendances. Depuis 2013, le passage aux syst\u00e8mes d'\u00e9chappement \u00e0 soupape est devenu l'une des...                    <\/div>\r\n                <\/div>\r\n\r\n                <div class=\"hst-card-footer\">\r\n                    <a href=\"https:\/\/hstmufflers.com\/fr\/maximizing-roi-why-valved-exhaust-systems-are-the-top-choice-for-aftermarket-distributors\/\" class=\"hst-btn-more\">\r\n \u00a0 \u00a0 \u00a0 \u00a0 \u00a0 \u00a0 \u00a0 \u00a0 \u00a0 \u00a0 \u00a0  En savoir plus\r\n \u00a0 \u00a0 \u00a0 \u00a0 \u00a0 \u00a0 \u00a0 \u00a0 \u00a0 \u00a0 \u00a0 <svg width=\"20\" height=\"20\" viewbox=\"0 0 24 24\" fill=\"none\" stroke=\"currentColor\" stroke-width=\"2.5\"><path d=\"M5 12h14M12 5l7 7-7 7\"\/><\/svg>\r\n                    <\/a>\r\n                <\/div>\r\n            <\/article>\r\n                    <article class=\"hst-exhaust-card\">\r\n                <div class=\"hst-card-header\">\r\n                    <a href=\"https:\/\/hstmufflers.com\/fr\/the-science-of-sound-how-precision-engineering-defines-the-perfect-exhaust-note\/\">\r\n                                                    <img loading=\"lazy\" decoding=\"async\" width=\"640\" height=\"427\" src=\"https:\/\/hstmufflers.com\/wp-content\/uploads\/2025\/08\/a-person-is-handling-a-metal-exhaust-component-whi-2025-10-08-12-24-48-utc_result-1766933347-768x512.webp\" class=\"attachment-medium_large size-medium_large wp-post-image\" alt=\"\" srcset=\"https:\/\/hstmufflers.com\/wp-content\/uploads\/2025\/08\/a-person-is-handling-a-metal-exhaust-component-whi-2025-10-08-12-24-48-utc_result-1766933347-768x512.webp 768w, https:\/\/hstmufflers.com\/wp-content\/uploads\/2025\/08\/a-person-is-handling-a-metal-exhaust-component-whi-2025-10-08-12-24-48-utc_result-1766933347-300x200.webp 300w, https:\/\/hstmufflers.com\/wp-content\/uploads\/2025\/08\/a-person-is-handling-a-metal-exhaust-component-whi-2025-10-08-12-24-48-utc_result-1766933347.webp 1000w\" sizes=\"(max-width: 640px) 100vw, 640px\" \/>                                            <\/a>\r\n                <\/div>\r\n\r\n                <div class=\"hst-card-body\">\r\n                    <div class=\"hst-card-meta\">\r\n                        <span class=\"hst-tag\">Blog<\/span>\r\n                        <span class=\"hst-date\">2025.08.14<\/span>\r\n                    <\/div>\r\n                    \r\n                    <h4 class=\"hst-card-title\">\r\n                        <a href=\"https:\/\/hstmufflers.com\/fr\/the-science-of-sound-how-precision-engineering-defines-the-perfect-exhaust-note\/\">La science du son : Comment l'ing\u00e9nierie de pr\u00e9cision d\u00e9finit la note d'\u00e9chappement parfaite<\/a>\r\n                    <\/h4>\r\n\r\n                    <div class=\"hst-card-excerpt\">\r\n                        Pour de nombreux passionn\u00e9s d'automobile, le son d'un moteur est son \u00e2me. Un rugissement profond et agressif peut donner \u00e0 un v\u00e9hicule une impression de puissance, tandis qu'un ronronnement calme et raffin\u00e9 \u00e9voque le luxe et le confort. Cependant, cr\u00e9er cette \"note parfaite\" n'est pas un accident....                    <\/div>\r\n                <\/div>\r\n\r\n                <div class=\"hst-card-footer\">\r\n                    <a href=\"https:\/\/hstmufflers.com\/fr\/the-science-of-sound-how-precision-engineering-defines-the-perfect-exhaust-note\/\" class=\"hst-btn-more\">\r\n \u00a0 \u00a0 \u00a0 \u00a0 \u00a0 \u00a0 \u00a0 \u00a0 \u00a0 \u00a0 \u00a0  En savoir plus\r\n \u00a0 \u00a0 \u00a0 \u00a0 \u00a0 \u00a0 \u00a0 \u00a0 \u00a0 \u00a0 \u00a0 <svg width=\"20\" height=\"20\" viewbox=\"0 0 24 24\" fill=\"none\" stroke=\"currentColor\" stroke-width=\"2.5\"><path d=\"M5 12h14M12 5l7 7-7 7\"\/><\/svg>\r\n                    <\/a>\r\n                <\/div>\r\n            <\/article>\r\n            <\/div>\r\n\r\n    <div class=\"hst-blog-pagination\">\r\n            <\/div>\r\n\r\n    \r\n<\/div>\n\t\t\t\t\t\t<\/div>\n\t\t\t\t\t<\/div>\n\t\t\t\t<\/div>\n\t\t\t\t<\/div>","protected":false},"excerpt":{"rendered":"<p>News &amp; Article Home Blog<\/p>","protected":false},"author":1,"featured_media":0,"parent":0,"menu_order":0,"comment_status":"closed","ping_status":"closed","template":"elementor_header_footer","meta":{"_acf_changed":false,"footnotes":""},"class_list":["post-309","page","type-page","status-publish","hentry"],"acf":[],"_links":{"self":[{"href":"https:\/\/hstmufflers.com\/fr\/wp-json\/wp\/v2\/pages\/309","targetHints":{"allow":["GET"]}}],"collection":[{"href":"https:\/\/hstmufflers.com\/fr\/wp-json\/wp\/v2\/pages"}],"about":[{"href":"https:\/\/hstmufflers.com\/fr\/wp-json\/wp\/v2\/types\/page"}],"author":[{"embeddable":true,"href":"https:\/\/hstmufflers.com\/fr\/wp-json\/wp\/v2\/users\/1"}],"replies":[{"embeddable":true,"href":"https:\/\/hstmufflers.com\/fr\/wp-json\/wp\/v2\/comments?post=309"}],"version-history":[{"count":0,"href":"https:\/\/hstmufflers.com\/fr\/wp-json\/wp\/v2\/pages\/309\/revisions"}],"wp:attachment":[{"href":"https:\/\/hstmufflers.com\/fr\/wp-json\/wp\/v2\/media?parent=309"}],"curies":[{"name":"wp","href":"https:\/\/api.w.org\/{rel}","templated":true}]}}